{"id":35,"date":"2026-02-27T13:24:11","date_gmt":"2026-02-27T13:24:11","guid":{"rendered":"https:\/\/novastar.store\/?page_id=35"},"modified":"2026-04-01T15:55:22","modified_gmt":"2026-04-01T15:55:22","slug":"novastar","status":"publish","type":"page","link":"https:\/\/novastar.store\/es\/","title":{"rendered":"NovaStar Store"},"content":{"rendered":"<div data-elementor-type=\"wp-page\" data-elementor-id=\"35\" class=\"elementor elementor-35\" data-elementor-post-type=\"page\">\n\t\t\t\t<div class=\"elementor-element elementor-element-7ec4301 e-con-full e-flex e-con e-parent\" data-id=\"7ec4301\" data-element_type=\"container\" data-e-type=\"container\">\n\t\t\t\t<div class=\"elementor-element elementor-element-2e25361 elementor--h-position-center elementor--v-position-middle elementor-arrows-position-inside elementor-pagination-position-inside elementor-widget elementor-widget-slides\" data-id=\"2e25361\" data-element_type=\"widget\" data-e-type=\"widget\" data-settings=\"{&quot;transition_speed&quot;:1000,&quot;navigation&quot;:&quot;both&quot;,&quot;autoplay&quot;:&quot;yes&quot;,&quot;pause_on_hover&quot;:&quot;yes&quot;,&quot;pause_on_interaction&quot;:&quot;yes&quot;,&quot;autoplay_speed&quot;:5000,&quot;infinite&quot;:&quot;yes&quot;,&quot;transition&quot;:&quot;slide&quot;}\" data-widget_type=\"slides.default\">\n\t\t\t\t\t\t\t\t\t\t<div class=\"elementor-slides-wrapper elementor-main-swiper swiper\" role=\"region\" aria-roledescription=\"carousel\" aria-label=\"Slides\" dir=\"ltr\" data-animation=\"fadeInUp\">\n\t\t\t\t<div class=\"swiper-wrapper elementor-slides\">\n\t\t\t\t\t\t\t\t\t\t<div class=\"elementor-repeater-item-5c64957 swiper-slide\" role=\"group\" aria-roledescription=\"slide\"><div class=\"swiper-slide-bg\" role=\"img\" aria-label=\"banner-desk-2\"><\/div><div class=\"elementor-background-overlay\"><\/div><a class=\"swiper-slide-inner\" href=\"\/es\/products\/\"><div class=\"swiper-slide-contents\"><div class=\"elementor-slide-heading\">Soluci\u00f3n Integral de Pantallas MLED<\/div><div  class=\"elementor-button elementor-slide-button elementor-size-md\">VER PRODUCTOS<\/div><\/div><\/a><\/div><div class=\"elementor-repeater-item-01a645e swiper-slide\" role=\"group\" aria-roledescription=\"slide\"><div class=\"swiper-slide-bg\" role=\"img\" aria-label=\"banner-deskl1\"><\/div><div class=\"elementor-background-overlay\"><\/div><a class=\"swiper-slide-inner\" href=\"\/es\/products\/\"><div class=\"swiper-slide-contents\"><div class=\"elementor-slide-heading\">Soluci\u00f3n Integral de Pantallas MLED<\/div><div  class=\"elementor-button elementor-slide-button elementor-size-md\">VER PRODUCTOS<\/div><\/div><\/a><\/div>\t\t\t\t<\/div>\n\t\t\t\t\t\t\t\t\t\t\t\t\t\t\t<div class=\"elementor-swiper-button elementor-swiper-button-prev\" role=\"button\" tabindex=\"0\" aria-label=\"Previous slide\">\n\t\t\t\t\t\t\t<svg aria-hidden=\"true\" class=\"e-font-icon-svg e-eicon-chevron-left\" viewbox=\"0 0 1000 1000\" xmlns=\"http:\/\/www.w3.org\/2000\/svg\"><path d=\"M646 125C629 125 613 133 604 142L308 442C296 454 292 471 292 487 292 504 296 521 308 533L604 854C617 867 629 875 646 875 663 875 679 871 692 858 704 846 713 829 713 812 713 796 708 779 692 767L438 487 692 225C700 217 708 204 708 187 708 171 704 154 692 142 675 129 663 125 646 125Z\"><\/path><\/svg>\t\t\t\t\t\t<\/div>\n\t\t\t\t\t\t<div class=\"elementor-swiper-button elementor-swiper-button-next\" role=\"button\" tabindex=\"0\" aria-label=\"Next slide\">\n\t\t\t\t\t\t\t<svg aria-hidden=\"true\" class=\"e-font-icon-svg e-eicon-chevron-right\" viewbox=\"0 0 1000 1000\" xmlns=\"http:\/\/www.w3.org\/2000\/svg\"><path d=\"M696 533C708 521 713 504 713 487 713 471 708 454 696 446L400 146C388 133 375 125 354 125 338 125 325 129 313 142 300 154 292 171 292 187 292 204 296 221 308 233L563 492 304 771C292 783 288 800 288 817 288 833 296 850 308 863 321 871 338 875 354 875 371 875 388 867 400 854L696 533Z\"><\/path><\/svg>\t\t\t\t\t\t<\/div>\n\t\t\t\t\t\t\t\t\t\t\t\t\t\t\t\t<div class=\"swiper-pagination\"><\/div>\n\t\t\t\t\t\t\t\t\t\t\t\t<\/div>\n\t\t\t\t\t\t\t\t<\/div>\n\t\t\t\t<\/div>\n\t\t<div class=\"elementor-element elementor-element-3451f29 e-flex e-con-boxed e-con e-parent\" data-id=\"3451f29\" data-element_type=\"container\" data-e-type=\"container\">\n\t\t\t\t\t<div class=\"e-con-inner\">\n\t\t\t\t<div class=\"elementor-element elementor-element-4649008 elementor-widget elementor-widget-html\" data-id=\"4649008\" data-element_type=\"widget\" data-e-type=\"widget\" data-widget_type=\"html.default\">\n\t\t\t\t\t<section class=\"novastar-categories\">\n    <div class=\"bento-grid\">\n        <a href=\"\/es\/products\/\" class=\"bento-item item-featured hover-target\">\n            <div class=\"bento-content\">\n                <span class=\"bento-tag\">NovaStar 2026<\/span>\n                <h2 class=\"bento-title\">Encontrar Producto<\/h2>\n            <\/div>\n            <div class=\"bento-bg\" style=\"background-image: url('\/wp-content\/uploads\/2026\/03\/554578.jpg');\"><\/div>\n        <\/a>\n\n        <a href=\"\/es\/categoria-producto\/led-controller\/\" class=\"bento-item item-medium hover-target\">\n            <div class=\"bento-content\">\n                <h3 class=\"bento-title\">LED Control System<\/h3>\n            <\/div>\n            <div class=\"bento-bg\" style=\"background-image: url('\/wp-content\/uploads\/2026\/03\/342523532.jpg');\"><\/div>\n        <\/a>\n\n        <a href=\"\/es\/categoria-producto\/control-processor\/\" class=\"bento-item item-small hover-target\">\n            <div class=\"bento-content\">\n                <h3 class=\"bento-title\">Procesadores<\/h3>\n            <\/div>\n            <div class=\"bento-bg\" style=\"background-image: url('\/wp-content\/uploads\/2026\/03\/3423566732.png');\"><\/div>\n        <\/a>\n\n        <a href=\"\/es\/products\/\" class=\"bento-item item-wide hover-target\">\n            <div class=\"bento-content\">\n                <h3 class=\"bento-title\">Soluciones<\/h3>\n            <\/div>\n            <div class=\"bento-bg\" style=\"background-image: url('\/wp-content\/uploads\/2026\/03\/34234324.jpg');\"><\/div>\n        <\/a>\n\n        <a href=\"\/es\/categoria-producto\/nova-cloud\/\" class=\"bento-item item-regular hover-target\">\n            <div class=\"bento-content\">\n                <h3 class=\"bento-title\">Nova Cloud<\/h3>\n            <\/div>\n            <div class=\"bento-bg\" style=\"background-image: url('\/wp-content\/uploads\/2026\/03\/234234.png');\"><\/div>\n        <\/a>\n        \n        <a href=\"\/es\/categoria-producto\/accessories\/\" class=\"bento-item item-small hover-target\">\n            <div class=\"bento-content\">\n                <h3 class=\"bento-title\">Accesorios<\/h3>\n            <\/div>\n            <div class=\"bento-bg\" style=\"background-image: url('\/wp-content\/uploads\/2026\/03\/wqwe.png');\"><\/div>\n        <\/a>\n    <\/div>\n<\/section>\t\t\t\t<\/div>\n\t\t\t\t\t<\/div>\n\t\t\t\t<\/div>\n\t\t<div class=\"elementor-element elementor-element-0a4a46b e-flex e-con-boxed e-con e-parent\" data-id=\"0a4a46b\" data-element_type=\"container\" data-e-type=\"container\" data-settings=\"{&quot;background_background&quot;:&quot;video&quot;,&quot;background_video_link&quot;:&quot;\\\/wp-content\\\/uploads\\\/2026\\\/03\\\/Novastar-VX-Series-LED-Video-Processor-VX1000-VX600-VX400-All-in-1-LED-Display-C.mp4&quot;,&quot;background_video_start&quot;:10,&quot;background_play_on_mobile&quot;:&quot;yes&quot;,&quot;background_privacy_mode&quot;:&quot;yes&quot;}\">\n\t\t\t\t\t<div class=\"e-con-inner\">\n\t\t<div class=\"elementor-background-video-container\">\n\t\t\t\t\t\t\t<video class=\"elementor-background-video-hosted\" role=\"presentation\" autoplay muted playsinline loop><\/video>\n\t\t\t\t\t<\/div>\t\t\t<\/div>\n\t\t\t\t<\/div>\n\t\t<div class=\"elementor-element elementor-element-5550711 e-con-full e-flex e-con e-parent\" data-id=\"5550711\" data-element_type=\"container\" data-e-type=\"container\">\n\t\t\t\t<div class=\"elementor-element elementor-element-8a4b507 elementor-widget elementor-widget-html\" data-id=\"8a4b507\" data-element_type=\"widget\" data-e-type=\"widget\" data-widget_type=\"html.default\">\n\t\t\t\t\t<section class=\"novastar-about\">\n    <div class=\"about-container\">\n        <div class=\"about-text-side\">\n            <span class=\"about-subtitle\">Innovaci\u00f3n en cada pixel<\/span>\n            <h2 class=\"about-title\">Novastar es un L\u00edder en tecnolog\u00eda de control LED y procesamiento de v\u00eddeo.<\/h2>\n            <p class=\"about-description\">\n                NovaStar, no solo vende productos; sino Dise\u00f1a soluciones que transforman la forma en que el mundo experimenta el contenido visual. Desde exposiciones publicitarias hasta los mayores eventos del planeta.\n            <\/p>\n            <a href=\"\/es\/about-us\/\" class=\"about-cta hover-target\">\n                <span>Descubre la historia de Novastar<\/span>\n                <svg viewbox=\"0 0 24 24\" fill=\"none\" stroke=\"currentColor\" stroke-width=\"2\"><line x1=\"5\" y1=\"12\" x2=\"19\" y2=\"12\"><\/line><polyline points=\"12 5 19 12 12 19\"><\/polyline><\/svg>\n            <\/a>\n        <\/div>\n\n        <div class=\"about-image-side\">\n            <div class=\"about-image-wrapper\">\n                <img decoding=\"async\" src=\"\/wp-content\/uploads\/2026\/03\/smart-technology-background-futuristic-glitching-hand-remixed-media-768x512.jpg\" alt=\"NovaStar Technology\" class=\"about-img\">\n                <div class=\"about-image-overlay\"><\/div>\n            <\/div>\n            <div class=\"about-accent-box\"><\/div>\n        <\/div>\n    <\/div>\n<\/section>\t\t\t\t<\/div>\n\t\t\t\t<\/div>\n\t\t<div class=\"elementor-element elementor-element-ec20efb e-flex e-con-boxed e-con e-parent\" data-id=\"ec20efb\" data-element_type=\"container\" data-e-type=\"container\">\n\t\t\t\t\t<div class=\"e-con-inner\">\n\t\t\t\t<div class=\"elementor-element elementor-element-6d65303 elementor-widget elementor-widget-html\" data-id=\"6d65303\" data-element_type=\"widget\" data-e-type=\"widget\" data-widget_type=\"html.default\">\n\t\t\t\t\t<section class=\"novastar-support-bar\">\n    <div class=\"support-bar-container\">\n        \n        <div class=\"support-item\">\n            <div class=\"support-icon\">\n                <svg viewbox=\"0 0 24 24\" fill=\"none\" stroke=\"currentColor\" stroke-width=\"2\"><path d=\"M14.7 6.3a1 1 0 0 0 0 1.4l1.6 1.6a1 1 0 0 0 1.4 0l3.77-3.77a6 6 0 0 1-7.94 7.94l-6.91 6.91a2.12 2.12 0 0 1-3-3l6.91-6.91a6 6 0 0 1 7.94-7.94l-3.76 3.76z\"><\/path><\/svg>\n            <\/div>\n            <div class=\"support-content\">\n                <h3>Soporte T\u00e9cnico<\/h3>\n                <p>Formaci\u00f3n y asistencia especializada.<\/p>\n                <a href=\"\/es\/support\/\" class=\"support-link hover-target\">Obtener Ayuda<\/a>\n            <\/div>\n        <\/div>\n\n        <div class=\"support-item\">\n            <div class=\"support-icon\">\n                <svg viewbox=\"0 0 24 24\" fill=\"none\" stroke=\"currentColor\" stroke-width=\"2\"><path d=\"M21 15v4a2 2 0 0 1-2 2H5a2 2 0 0 1-2-2v-4\"><\/path><polyline points=\"7 10 12 15 17 10\"><\/polyline><line x1=\"12\" y1=\"15\" x2=\"12\" y2=\"3\"><\/line><\/svg>\n            <\/div>\n            <div class=\"support-content\">\n                <h3>Download Center<\/h3>\n                <p>Software, controladores y manuales oficiales.<\/p>\n                <a href=\"\/es\/downloads\/\" class=\"support-link hover-target\">Descargar<\/a>\n            <\/div>\n        <\/div>\n\n        <div class=\"support-item\">\n            <div class=\"support-icon\">\n                <svg viewbox=\"0 0 24 24\" fill=\"none\" stroke=\"currentColor\" stroke-width=\"2\"><path d=\"M4 4h16c1.1 0 2 .9 2 2v12c0 1.1-.9 2-2 2H4c-1.1 0-2-.9-2-2V6c0-1.1.9-2 2-2z\"><\/path><polyline points=\"22,6 12,13 2,6\"><\/polyline><\/svg>\n            <\/div>\n            <div class=\"support-content\">\n                <h3>Cont\u00e1ctanos<\/h3>\n                <p>\u00bfTienes preguntas? Habla con un experto.<\/p>\n                <a href=\"\/es\/contact\/\" class=\"support-link hover-target\">Escr\u00edbenos<\/a>\n            <\/div>\n        <\/div>\n\n    <\/div>\n<\/section>\t\t\t\t<\/div>\n\t\t\t\t\t<\/div>\n\t\t\t\t<\/div>\n\t\t<div class=\"elementor-element elementor-element-077160e e-con-full e-flex e-con e-parent\" data-id=\"077160e\" data-element_type=\"container\" data-e-type=\"container\">\n\t\t\t\t<div class=\"elementor-element elementor-element-164a667 elementor-widget elementor-widget-html\" data-id=\"164a667\" data-element_type=\"widget\" data-e-type=\"widget\" data-widget_type=\"html.default\">\n\t\t\t\t\t<section class=\"ns-trust-section\">\n    <div class=\"ns-trust-container\">\n        \n        <div class=\"ns-trust-badges\">\n            <div class=\"ns-badge-card\">\n                <span class=\"ns-badge-icon\">\ud83d\udee1\ufe0f<\/span>\n                <span class=\"ns-badge-label\">Authorized<br>Distributor<\/span>\n            <\/div>\n            <div class=\"ns-badge-card highlight\">\n                <span class=\"ns-badge-icon\">\ud83d\udee0\ufe0f<\/span>\n                <span class=\"ns-badge-label\">Certified<br>Soporte<\/span>\n            <\/div>\n        <\/div>\n\n        <div class=\"ns-trust-content\">\n           \n            <h2 class=\"ns-trust-title\">Aviso<\/h2>\n            <p class=\"ns-trust-text translation-block\">At <strong>NovaStar.Store<\/strong>, as an official NovaStar distributor through <strong>Tecnoled HK<\/strong>, we guarantee direct access to the entire range of original NovaStar products, competitive pricing, immediate stock, and certified technical support.<\/p>\n            \n            <div class=\"ns-trust-notice\">\n                <div class=\"ns-notice-icon\">\u26a0\ufe0f<\/div>\n                <p class=\"translation-block\"><strong>Importante:<\/strong> Novastar.Store solo brinda servicio t\u00e9cnico y soporte exclusivo para productos adquiridos en nuestra tienda<\/p>\n            <\/div>\n\n            <div class=\"ns-trust-footer\">\n                <img decoding=\"async\" src=\"\/wp-content\/uploads\/2026\/03\/logo_white-1.png\" alt=\"Tecnoled HK Logo\" class=\"ns-partner-logo\">\n                <div class=\"ns-divider\"><\/div>\n                <span class=\"ns-partner-tag\">Cadena de suministro oficial<\/span>  <a href=\"\/es\/about-us\/\" class=\"about-cta hover-target\">\n                <span>Saber M\u00e1s<\/span>\n                <svg viewbox=\"0 0 24 24\" fill=\"none\" stroke=\"currentColor\" stroke-width=\"2\"><line x1=\"5\" y1=\"12\" x2=\"19\" y2=\"12\"><\/line><polyline points=\"12 5 19 12 12 19\"><\/polyline><\/svg>\n            <\/a>\n            <\/div>\n        <\/div>\n\n    <\/div>\n<\/section>\t\t\t\t<\/div>\n\t\t\t\t<\/div>\n\t\t\t\t<\/div>","protected":false},"excerpt":{"rendered":"<p>Integral MLED Display SolutionsGET STARTEDIntegral MLED Display SolutionsGET STARTED NovaStar 2026 Product Finder LED Control System Processors Solutions Nova Cloud Accessories Innovation in every pixel NovaStar is a Leader in LED control technology and video processing. NovaStar doesn&#8217;t just sell products; it designs solutions that transform the way the world experiences visual content. From advertising [&hellip;]<\/p>\n","protected":false},"author":1,"featured_media":0,"parent":0,"menu_order":0,"comment_status":"closed","ping_status":"closed","template":"elementor_header_footer","meta":{"footnotes":""},"class_list":["post-35","page","type-page","status-publish","hentry"],"_links":{"self":[{"href":"https:\/\/novastar.store\/es\/wp-json\/wp\/v2\/pages\/35","targetHints":{"allow":["GET"]}}],"collection":[{"href":"https:\/\/novastar.store\/es\/wp-json\/wp\/v2\/pages"}],"about":[{"href":"https:\/\/novastar.store\/es\/wp-json\/wp\/v2\/types\/page"}],"author":[{"embeddable":true,"href":"https:\/\/novastar.store\/es\/wp-json\/wp\/v2\/users\/1"}],"replies":[{"embeddable":true,"href":"https:\/\/novastar.store\/es\/wp-json\/wp\/v2\/comments?post=35"}],"version-history":[{"count":158,"href":"https:\/\/novastar.store\/es\/wp-json\/wp\/v2\/pages\/35\/revisions"}],"predecessor-version":[{"id":996,"href":"https:\/\/novastar.store\/es\/wp-json\/wp\/v2\/pages\/35\/revisions\/996"}],"wp:attachment":[{"href":"https:\/\/novastar.store\/es\/wp-json\/wp\/v2\/media?parent=35"}],"curies":[{"name":"wp","href":"https:\/\/api.w.org\/{rel}","templated":true}]}}