{"id":47,"date":"2026-02-27T13:31:39","date_gmt":"2026-02-27T13:31:39","guid":{"rendered":"https:\/\/novastar.store\/?page_id=47"},"modified":"2026-03-10T10:16:08","modified_gmt":"2026-03-10T10:16:08","slug":"support","status":"publish","type":"page","link":"https:\/\/novastar.store\/es\/support\/","title":{"rendered":"Soporte"},"content":{"rendered":"<div data-elementor-type=\"wp-page\" data-elementor-id=\"47\" class=\"elementor elementor-47\" data-elementor-post-type=\"page\">\n\t\t\t\t<div class=\"elementor-element elementor-element-099ad9b e-flex e-con-boxed e-con e-parent\" data-id=\"099ad9b\" data-element_type=\"container\" data-e-type=\"container\">\n\t\t\t\t\t<div class=\"e-con-inner\">\n\t\t\t\t<div class=\"elementor-element elementor-element-1274820 elementor-widget elementor-widget-html\" data-id=\"1274820\" data-element_type=\"widget\" data-e-type=\"widget\" data-widget_type=\"html.default\">\n\t\t\t\t\t\n\n<div class=\"novastar-support-page\">\n\n    <div class=\"nss-hero\">\n        <h1 class=\"nss-title\">Servicio 24\/7<\/h1>\n        <p class=\"nss-subtitle\">Nos dedicamos a brindar soporte las 24 horas del d\u00eda, los 7 d\u00edas de la semana. Llame a nuestra red global de t\u00e9cnicos de atenci\u00f3n al cliente para obtener asistencia telef\u00f3nica inmediata o env\u00edenos un mensaje.<\/p>\n    <\/div>\n\n    <div class=\"nss-info-grid\">\n        <div class=\"nss-info-card\">\n            <div class=\"nss-icon-wrapper\">\u2709\ufe0f<\/div>\n            <h3>Email<\/h3>\n            <p><a href=\"mailto:support@novastar.tech\">support@novastar.tech<\/a><\/p>\n            <p style=\"margin-top:10px; font-size: 0.85rem; color:#888;\">Nuestro equipo responder\u00e1 a todas las consultas por correo electr\u00f3nico en un plazo de 24 horas.<\/p>\n        <\/div>\n\n        <div class=\"nss-info-card\">\n            <div class=\"nss-icon-wrapper\">\ud83d\udcde<\/div>\n            <h3>Tel\u00e9fono<\/h3>\n            <p><strong>North America:<\/strong> <a href=\"tel:+17028448343\">+1 702 844 8343<\/a><br><span style=\"font-size:0.8rem; color:#888;\">(PST 08:00-17:00)<\/span><\/p>\n            <p><strong>Europe:<\/strong> <a href=\"tel:+31233033682\">+31 23 303 36 82<\/a><br><span style=\"font-size:0.8rem; color:#888;\">(Mo. - Fr. 9:00 - 17:30 CET)<\/span><\/p>\n            <p><strong>Asia Pacific:<\/strong> <a href=\"tel:+60176138369\">+60 1761 383 69<\/a><\/p>\n            <p><strong>China:<\/strong> <a href=\"tel:4006960755\">400 696 0755<\/a><\/p>\n        <\/div>\n\n        <div class=\"nss-info-card\">\n            <div class=\"nss-icon-wrapper\">\ud83d\udcac<\/div>\n            <h3>Whatsapp<\/h3>\n            <p><strong>ID:<\/strong> Novastar-support<\/p>\n            <p style=\"margin-top:10px; font-size: 0.85rem; color:#888;\">Quick messaging and live technical support.<\/p>\n        <\/div>\n    <\/div>\n\n    <div class=\"nss-form-section\">\n        <div class=\"nss-form-header\">\n            <h2>Contacto<\/h2>\n            <div style=\"text-align: center; margin: 40px 0;\">\n    <a href=\"\/es\/contact\/\" class=\"ns-cta-button\">\n        Contacto <span class=\"ns-arrow\">\u2192<\/span>\n    <\/a>\n<\/div>\n        <\/div>\n\n       \n    <\/div>\n\n<\/div>\t\t\t\t<\/div>\n\t\t\t\t\t<\/div>\n\t\t\t\t<\/div>\n\t\t\t\t<\/div>","protected":false},"excerpt":{"rendered":"<p>24&#215;7 Service We are dedicated to providing support 24 hours a day, 7 days a week. Call our global network of Customer Support Technicians for immediate phone assistance, or send us a message. \u2709\ufe0f Email support@novastar.tech For all email inquiries, our team will respond within 24 hours. \ud83d\udcde Phone North America: +1 702 844 8343(PST [&hellip;]<\/p>\n","protected":false},"author":1,"featured_media":0,"parent":0,"menu_order":0,"comment_status":"closed","ping_status":"closed","template":"","meta":{"footnotes":""},"class_list":["post-47","page","type-page","status-publish","hentry"],"_links":{"self":[{"href":"https:\/\/novastar.store\/es\/wp-json\/wp\/v2\/pages\/47","targetHints":{"allow":["GET"]}}],"collection":[{"href":"https:\/\/novastar.store\/es\/wp-json\/wp\/v2\/pages"}],"about":[{"href":"https:\/\/novastar.store\/es\/wp-json\/wp\/v2\/types\/page"}],"author":[{"embeddable":true,"href":"https:\/\/novastar.store\/es\/wp-json\/wp\/v2\/users\/1"}],"replies":[{"embeddable":true,"href":"https:\/\/novastar.store\/es\/wp-json\/wp\/v2\/comments?post=47"}],"version-history":[{"count":14,"href":"https:\/\/novastar.store\/es\/wp-json\/wp\/v2\/pages\/47\/revisions"}],"predecessor-version":[{"id":644,"href":"https:\/\/novastar.store\/es\/wp-json\/wp\/v2\/pages\/47\/revisions\/644"}],"wp:attachment":[{"href":"https:\/\/novastar.store\/es\/wp-json\/wp\/v2\/media?parent=47"}],"curies":[{"name":"wp","href":"https:\/\/api.w.org\/{rel}","templated":true}]}}